{"id":15205,"date":"2018-02-09T11:26:27","date_gmt":"2018-02-09T11:26:27","guid":{"rendered":"http:\/\/kleinarchitekten.net\/?page_id=15205"},"modified":"2021-01-13T17:36:56","modified_gmt":"2021-01-13T17:36:56","slug":"architektur-innenarchitektur","status":"publish","type":"page","link":"https:\/\/kleinarchitekten.net\/?page_id=15205","title":{"rendered":"Architektur &#038; Innenarchitektur"},"content":{"rendered":"<p>[vc_row margin_top=&#8220;40&#8243; margin_bottom=&#8220;40&#8243;][vc_column]<div id=\"ult-carousel-141836526669f6309634dbc\" class=\"ult-carousel-wrapper   ult_horizontal\" data-gutter=\"5\" data-rtl=\"false\" ><div class=\"ult-carousel-206331761569f6309634b09 \" >[vc_single_image image=&#8220;15486&#8243; img_size=&#8220;full&#8220; alignment=&#8220;center&#8220;][vc_single_image image=&#8220;15489&#8243; img_size=&#8220;full&#8220; alignment=&#8220;center&#8220;][vc_single_image image=&#8220;15490&#8243; img_size=&#8220;full&#8220; alignment=&#8220;center&#8220;][vc_single_image image=&#8220;15487&#8243; img_size=&#8220;full&#8220; alignment=&#8220;center&#8220;][vc_single_image image=&#8220;15485&#8243; img_size=&#8220;full&#8220; alignment=&#8220;center&#8220;][vc_single_image image=&#8220;15488&#8243; img_size=&#8220;full&#8220; alignment=&#8220;center&#8220;]<\/div><\/div>            <script type=\"text\/javascript\">\r\n\t\t\t\tjQuery(document).ready(function($){\r\n               \t\t$('.ult-carousel-206331761569f6309634b09').slick({dots: true,autoplay: true,autoplaySpeed: 4000,speed: 2000,infinite: true,arrows: false,slidesToScroll:1,slidesToShow:1,swipe: true,draggable: true,touchMove: true,adaptiveHeight: true,responsive: [\r\n\t\t\t\t\t\t\t{\r\n\t\t\t\t\t\t\t  breakpoint: 1025,\r\n\t\t\t\t\t\t\t  settings: {\r\n\t\t\t\t\t\t\t\tslidesToShow: 1,\r\n\t\t\t\t\t\t\t\tslidesToScroll: 1,  \r\n\t\t\t\t\t\t\t  }\r\n\t\t\t\t\t\t\t},\r\n\t\t\t\t\t\t\t{\r\n\t\t\t\t\t\t\t  breakpoint: 769,\r\n\t\t\t\t\t\t\t  settings: {\r\n\t\t\t\t\t\t\t\tslidesToShow: 1,\r\n\t\t\t\t\t\t\t\tslidesToScroll: 1\r\n\t\t\t\t\t\t\t  }\r\n\t\t\t\t\t\t\t},\r\n\t\t\t\t\t\t\t{\r\n\t\t\t\t\t\t\t  breakpoint: 481,\r\n\t\t\t\t\t\t\t  settings: {\r\n\t\t\t\t\t\t\t\tslidesToShow: 1,\r\n\t\t\t\t\t\t\t\tslidesToScroll: 1\r\n\t\t\t\t\t\t\t  }\r\n\t\t\t\t\t\t\t}\r\n\t\t\t\t\t\t],pauseOnHover: true,\r\n\t\t\t\t\t\tpauseOnDotsHover: true,customPaging: function(slider, i) {\r\n                   return '<i type=\"button\" style=\"color:#333333;\" class=\"ultsl-stop\" data-role=\"none\"><\/i>';\r\n                },});\r\n\t\t\t\t});\r\n\t\t\t<\/script>\r\n            [\/vc_column][\/vc_row][vc_row][vc_column width=&#8220;1\/6&#8243;][\/vc_column][vc_column width=&#8220;2\/3&#8243;][vc_single_image image=&#8220;15561&#8243; img_size=&#8220;full&#8220; alignment=&#8220;center&#8220;][\/vc_column][vc_column width=&#8220;1\/6&#8243;][\/vc_column][\/vc_row][vc_row][vc_column width=&#8220;1\/6&#8243;][\/vc_column][vc_column width=&#8220;2\/3&#8243;][vc_column_text css=&#8220;.vc_custom_1518957555441{padding-right: 5px !important;padding-left: 5px !important;}&#8220;]Wir betrachten die Grenzen zwischen Architektur und Innenarchitektur als flie\u00dfend, eine klare Trennung ist aus unserer Sicht und Erfahrungen nicht m\u00f6glich.<\/p>\n<h4><strong>Planung<\/strong><\/h4>\n<p>Wir begeleiten und unterst\u00fctzen Sie daher \u00fcber den gesamten Planungs- und Ausf\u00fchrungsprozess, von den ersten Ideen und W\u00fcnschen, von der Umgestaltung einzelner R\u00e4ume, das Anbauen und Erweitern ihrer Bestandsimmobilie und die Realisierung ihres Neubauvorhabens.<\/p>\n<p>Wir erarbeiten f\u00fcr Sie nachhaltige Konzepte zur Energieoptimierung und sanieren Ihre Immobilie unter Ber\u00fccksichtigung der Wirtschaftlichkeit.<\/p>\n<p>Wir unterbreiten Ihnen Vorschl\u00e4ge zur energetischen Modernisierung durch den Einsatz ressourcenschonender Haustechnik sowie modernen und langlebigen Baumaterialien.<\/p>\n<p>Wir erstellen f\u00fcr Sie alle notwendigen Unterlagen f\u00fcr die zust\u00e4ndigen Baubeh\u00f6rden (Bauantrag).<\/p>\n<p>Wir zeichnen f\u00fcr Sie die notwendigen Planunterlagen und entwickeln passende Detaill\u00f6sungen.<\/p>\n<p>Wir unterst\u00fctzen Sie in der Angebotseinholung und pr\u00fcfen und bewerten die Angebote.<\/p>\n<h4><strong>Bauleitung<\/strong><\/h4>\n<p>Wir \u00fcbernehmen das Koordinieren der Handwerker, die Bau\u00fcberwachung, die Abnahme der Leistungen und das Pr\u00fcfen der Rechnungen.<\/p>\n<p>Wir unterst\u00fctzen Sie somit in der Einhaltung Ihres Budgets- und Zeitrahmens und sichern Ihnen eine qualit\u00e4tsvolle Umsetzung ihrer Bauma\u00dfnahme zu.<\/p>\n<p>Interessiert? Nehmen Sie <a href=\"http:\/\/kleinarchitekten.net\/?page_id=15088\">Kontakt<\/a> zu uns auf.[\/vc_column_text][\/vc_column][vc_column width=&#8220;1\/6&#8243;][\/vc_column][\/vc_row]<\/p>\n","protected":false},"excerpt":{"rendered":"<p>[vc_row margin_top=&#8220;40&#8243; margin_bottom=&#8220;40&#8243;][vc_column][\/vc_column][\/vc_row][vc_row][vc_column width=&#8220;1\/6&#8243;][\/vc_column][vc_column width=&#8220;2\/3&#8243;][vc_single_image image=&#8220;15561&#8243; img_size=&#8220;full&#8220; alignment=&#8220;center&#8220;][\/vc_column][vc_column width=&#8220;1\/6&#8243;][\/vc_column][\/vc_row][vc_row][vc_column width=&#8220;1\/6&#8243;][\/vc_column][vc_column width=&#8220;2\/3&#8243;][vc_column_text css=&#8220;.vc_custom_1518957555441{padding-right: 5px !important;padding-left: 5px !important;}&#8220;]Wir betrachten die Grenzen zwischen Architektur und Innenarchitektur als flie\u00dfend, eine klare Trennung ist aus unserer Sicht und Erfahrungen nicht m\u00f6glich. Planung Wir begeleiten und unterst\u00fctzen Sie daher \u00fcber den gesamten Planungs- und Ausf\u00fchrungsprozess, von den ersten Ideen und W\u00fcnschen,&hellip;<\/p>\n","protected":false},"author":1,"featured_media":0,"parent":0,"menu_order":0,"comment_status":"closed","ping_status":"closed","template":"","meta":{"inline_featured_image":false},"_links":{"self":[{"href":"https:\/\/kleinarchitekten.net\/index.php?rest_route=\/wp\/v2\/pages\/15205"}],"collection":[{"href":"https:\/\/kleinarchitekten.net\/index.php?rest_route=\/wp\/v2\/pages"}],"about":[{"href":"https:\/\/kleinarchitekten.net\/index.php?rest_route=\/wp\/v2\/types\/page"}],"author":[{"embeddable":true,"href":"https:\/\/kleinarchitekten.net\/index.php?rest_route=\/wp\/v2\/users\/1"}],"replies":[{"embeddable":true,"href":"https:\/\/kleinarchitekten.net\/index.php?rest_route=%2Fwp%2Fv2%2Fcomments&post=15205"}],"version-history":[{"count":76,"href":"https:\/\/kleinarchitekten.net\/index.php?rest_route=\/wp\/v2\/pages\/15205\/revisions"}],"predecessor-version":[{"id":15563,"href":"https:\/\/kleinarchitekten.net\/index.php?rest_route=\/wp\/v2\/pages\/15205\/revisions\/15563"}],"wp:attachment":[{"href":"https:\/\/kleinarchitekten.net\/index.php?rest_route=%2Fwp%2Fv2%2Fmedia&parent=15205"}],"curies":[{"name":"wp","href":"https:\/\/api.w.org\/{rel}","templated":true}]}}