{"id":15031,"date":"2017-07-05T17:22:50","date_gmt":"2017-07-05T17:22:50","guid":{"rendered":"http:\/\/kleinarchitekten.net\/?page_id=15031"},"modified":"2019-01-06T14:43:42","modified_gmt":"2019-01-06T14:43:42","slug":"home","status":"publish","type":"page","link":"https:\/\/kleinarchitekten.net\/","title":{"rendered":"Home"},"content":{"rendered":"<p>[vc_row margin_top=&#8220;40&#8243;][vc_column]<div id=\"ult-carousel-150383290769f745f948b93\" class=\"ult-carousel-wrapper   ult_horizontal\" data-gutter=\"5\" data-rtl=\"false\" ><div class=\"ult-carousel-14847166469f745f9489ca \" >[vc_single_image image=&#8220;15486&#8243; img_size=&#8220;full&#8220; alignment=&#8220;center&#8220;][vc_single_image image=&#8220;15489&#8243; img_size=&#8220;full&#8220; alignment=&#8220;center&#8220;][vc_single_image image=&#8220;15490&#8243; img_size=&#8220;full&#8220; alignment=&#8220;center&#8220;][vc_single_image image=&#8220;15487&#8243; img_size=&#8220;full&#8220; alignment=&#8220;center&#8220;][vc_single_image image=&#8220;15485&#8243; img_size=&#8220;full&#8220; alignment=&#8220;center&#8220;][vc_single_image image=&#8220;15488&#8243; img_size=&#8220;full&#8220; alignment=&#8220;center&#8220;]<\/div><\/div>            <script type=\"text\/javascript\">\r\n\t\t\t\tjQuery(document).ready(function($){\r\n               \t\t$('.ult-carousel-14847166469f745f9489ca').slick({dots: true,autoplay: true,autoplaySpeed: 4000,speed: 2000,infinite: true,arrows: false,slidesToScroll:1,slidesToShow:1,swipe: true,draggable: true,touchMove: true,adaptiveHeight: true,responsive: [\r\n\t\t\t\t\t\t\t{\r\n\t\t\t\t\t\t\t  breakpoint: 1025,\r\n\t\t\t\t\t\t\t  settings: {\r\n\t\t\t\t\t\t\t\tslidesToShow: 1,\r\n\t\t\t\t\t\t\t\tslidesToScroll: 1,  \r\n\t\t\t\t\t\t\t  }\r\n\t\t\t\t\t\t\t},\r\n\t\t\t\t\t\t\t{\r\n\t\t\t\t\t\t\t  breakpoint: 769,\r\n\t\t\t\t\t\t\t  settings: {\r\n\t\t\t\t\t\t\t\tslidesToShow: 1,\r\n\t\t\t\t\t\t\t\tslidesToScroll: 1\r\n\t\t\t\t\t\t\t  }\r\n\t\t\t\t\t\t\t},\r\n\t\t\t\t\t\t\t{\r\n\t\t\t\t\t\t\t  breakpoint: 481,\r\n\t\t\t\t\t\t\t  settings: {\r\n\t\t\t\t\t\t\t\tslidesToShow: 1,\r\n\t\t\t\t\t\t\t\tslidesToScroll: 1\r\n\t\t\t\t\t\t\t  }\r\n\t\t\t\t\t\t\t}\r\n\t\t\t\t\t\t],pauseOnHover: true,\r\n\t\t\t\t\t\tpauseOnDotsHover: true,customPaging: function(slider, i) {\r\n                   return '<i type=\"button\" style=\"color:#333333;\" class=\"ultsl-stop\" data-role=\"none\"><\/i>';\r\n                },});\r\n\t\t\t\t});\r\n\t\t\t<\/script>\r\n            [\/vc_column][\/vc_row][vc_row animation=&#8220;fadeInLeft&#8220; css=&#8220;.vc_custom_1519150095324{margin-bottom: 80px !important;}&#8220;][vc_column width=&#8220;1\/4&#8243;][vc_column_text css_animation=&#8220;fadeIn&#8220; css=&#8220;.vc_custom_1518814499987{padding-top: 0px !important;padding-right: 0px !important;padding-bottom: 0px !important;padding-left: 0px !important;}&#8220;]<\/p>\n<h3 style=\"text-align: center;\"><span style=\"color: #000000;\">Wer wir sind<\/span><\/h3>\n<p>[\/vc_column_text][\/vc_column][vc_column width=&#8220;3\/4&#8243; css=&#8220;.vc_custom_1518442428980{padding-top: 5px !important;}&#8220;][vc_column_text css=&#8220;.vc_custom_1518814259805{padding-top: -20px !important;padding-right: 20px !important;padding-bottom: 0px !important;padding-left: 20px !important;}&#8220;]Wir sind ein engagiertes Team aus Architekten &amp; Sachverst\u00e4ndigern mit langj\u00e4hrigen Berufserfahrungen und hoher Fachkompetenz und setzen uns professionell und leidenschaftlich f\u00fcr ihre Bauprojekte ein. Wir sind stark genug bei komplexen Bauaufgaben und sensibel genug bei kleinen Bauvorhaben.[\/vc_column_text][\/vc_column][\/vc_row][vc_row animation=&#8220;fadeInRight&#8220; css=&#8220;.vc_custom_1518442214899{margin-bottom: 80px !important;}&#8220;][vc_column width=&#8220;1\/4&#8243;][vc_column_text css_animation=&#8220;fadeIn&#8220; css=&#8220;.vc_custom_1518176906853{padding-top: 0px !important;padding-right: 0px !important;padding-bottom: 0px !important;padding-left: 0px !important;}&#8220;]<\/p>\n<h3 style=\"text-align: center;\"><span style=\"color: #000000;\">Wof\u00fcr wir stehen<\/span><\/h3>\n<p>[\/vc_column_text][\/vc_column][vc_column width=&#8220;3\/4&#8243; css=&#8220;.vc_custom_1518169283447{padding-top: 5px !important;}&#8220;][vc_column_text css=&#8220;.vc_custom_1518441984331{padding-top: 0px !important;padding-right: 20px !important;padding-bottom: 0px !important;padding-left: 20px !important;}&#8220;]F\u00fcr eine klare, ausdrucksstarke Architektur, die inhaltlich und zeitlich Bestand hat. Wir setzen modischen Architekturtrends formale Zur\u00fcckhaltung und die Einheitlichkeit der Materialien entgegen.[\/vc_column_text][\/vc_column][\/vc_row][vc_row animation=&#8220;fadeInLeft&#8220; css=&#8220;.vc_custom_1518966177667{margin-bottom: 80px !important;}&#8220;][vc_column width=&#8220;1\/4&#8243;][vc_column_text css_animation=&#8220;fadeIn&#8220; css=&#8220;.vc_custom_1518176918032{padding-top: 0px !important;padding-right: 0px !important;padding-bottom: 0px !important;padding-left: 0px !important;}&#8220;]<\/p>\n<h3 style=\"text-align: center;\"><span style=\"color: #000000;\">Wie wir arbeiten<\/span><\/h3>\n<p>[\/vc_column_text][\/vc_column][vc_column width=&#8220;3\/4&#8243; css=&#8220;.vc_custom_1518169516963{margin-top: 0px !important;padding-top: 5px !important;}&#8220;][vc_column_text css=&#8220;.vc_custom_1518442478582{padding-top: 0px !important;padding-right: 20px !important;padding-bottom: 0px !important;padding-left: 20px !important;}&#8220;]Im Dialog und nicht von der Stange. Wir erarbeiten und realisieren gemeinsam die optimale L\u00f6sung f\u00fcr Ihr Bauprojekt. \u00dcber den gesamten Bauprozess stehen wir im engen Austausch, suchen nach tragf\u00e4higen Konzepten und begleiten sie \u00fcber den gesamten Planungs- und Ausf\u00fchrungsprozess. Dabei steht ihnen nicht nur unsere Kreativit\u00e4t, sondern auch unsere langj\u00e4hrige Erfahrung der Qualit\u00e4tssicherung, der Kostensicherheit und des Zeitmanagements zur Verf\u00fcgung.[\/vc_column_text][\/vc_column][\/vc_row][vc_row animation=&#8220;fadeInUp&#8220; css=&#8220;.vc_custom_1518966246148{margin-bottom: 80px !important;}&#8220;][vc_column width=&#8220;1\/4&#8243;][vc_column_text css_animation=&#8220;fadeIn&#8220; css=&#8220;.vc_custom_1518176928987{padding-top: 0px !important;padding-right: 0px !important;padding-bottom: 0px !important;padding-left: 0px !important;}&#8220;]<\/p>\n<h3 style=\"text-align: center;\"><span style=\"color: #000000;\">Mit wem wir arbeiten<\/span><\/h3>\n<p>[\/vc_column_text][\/vc_column][vc_column width=&#8220;3\/4&#8243; css=&#8220;.vc_custom_1518169566410{margin-top: 0px !important;padding-top: 5px !important;}&#8220;][vc_column_text css=&#8220;.vc_custom_1518442488638{padding-top: 0px !important;padding-right: 20px !important;padding-bottom: 0px !important;padding-left: 20px !important;}&#8220;]Wir k\u00f6nnen auf ein gro\u00dfes Netzwerk von Fachplanern und kompetenten Partnern zur\u00fcckgreifen, die die Qualit\u00e4t ihres Bauvorhabens sichert und st\u00e4rkt.[\/vc_column_text][\/vc_column][\/vc_row][vc_row animation=&#8220;fadeInUpBig&#8220; css=&#8220;.vc_custom_1518966299523{margin-bottom: 80px !important;}&#8220;][vc_column width=&#8220;1\/4&#8243;][vc_column_text css_animation=&#8220;fadeIn&#8220; css=&#8220;.vc_custom_1518176940514{padding-top: 0px !important;padding-right: 0px !important;padding-bottom: 0px !important;padding-left: 0px !important;}&#8220;]<\/p>\n<h3 style=\"text-align: center;\"><span style=\"color: #000000;\">F\u00fcr wen wir arbeiten<\/span><\/h3>\n<p>[\/vc_column_text][\/vc_column][vc_column width=&#8220;3\/4&#8243; css=&#8220;.vc_custom_1518169607327{padding-top: 5px !important;}&#8220;][vc_column_text css=&#8220;.vc_custom_1518811605686{padding-top: 0px !important;padding-right: 20px !important;padding-bottom: 0px !important;padding-left: 20px !important;}&#8220;]<strong>F\u00fcr Sie!<\/strong> Wir arbeiten f\u00fcr private Bauherrn, Hausverwaltungen, Wohneigent\u00fcmergemeinschaften sowie f\u00fcr gewerbliche und \u00f6ffentliche Auftraggeber. Wir freuen uns auf jede neue Herausforderung und sind schon sehr gespannt von Ihren Pl\u00e4nen zu erfahren. <a href=\"http:\/\/kleinarchitekten.net\/?page_id=15088\">Sprechen Sie uns an.<\/a>[\/vc_column_text][\/vc_column][\/vc_row]<\/p>\n","protected":false},"excerpt":{"rendered":"<p>[vc_row margin_top=&#8220;40&#8243;][vc_column][\/vc_column][\/vc_row][vc_row animation=&#8220;fadeInLeft&#8220; css=&#8220;.vc_custom_1519150095324{margin-bottom: 80px !important;}&#8220;][vc_column width=&#8220;1\/4&#8243;][vc_column_text css_animation=&#8220;fadeIn&#8220; css=&#8220;.vc_custom_1518814499987{padding-top: 0px !important;padding-right: 0px !important;padding-bottom: 0px !important;padding-left: 0px !important;}&#8220;] Wer wir sind [\/vc_column_text][\/vc_column][vc_column width=&#8220;3\/4&#8243; css=&#8220;.vc_custom_1518442428980{padding-top: 5px !important;}&#8220;][vc_column_text css=&#8220;.vc_custom_1518814259805{padding-top: -20px !important;padding-right: 20px !important;padding-bottom: 0px !important;padding-left: 20px !important;}&#8220;]Wir sind ein engagiertes Team aus Architekten &amp; Sachverst\u00e4ndigern mit langj\u00e4hrigen Berufserfahrungen und hoher Fachkompetenz und setzen uns professionell und leidenschaftlich f\u00fcr&hellip;<\/p>\n","protected":false},"author":1,"featured_media":0,"parent":0,"menu_order":0,"comment_status":"closed","ping_status":"closed","template":"","meta":{"inline_featured_image":false},"_links":{"self":[{"href":"https:\/\/kleinarchitekten.net\/index.php?rest_route=\/wp\/v2\/pages\/15031"}],"collection":[{"href":"https:\/\/kleinarchitekten.net\/index.php?rest_route=\/wp\/v2\/pages"}],"about":[{"href":"https:\/\/kleinarchitekten.net\/index.php?rest_route=\/wp\/v2\/types\/page"}],"author":[{"embeddable":true,"href":"https:\/\/kleinarchitekten.net\/index.php?rest_route=\/wp\/v2\/users\/1"}],"replies":[{"embeddable":true,"href":"https:\/\/kleinarchitekten.net\/index.php?rest_route=%2Fwp%2Fv2%2Fcomments&post=15031"}],"version-history":[{"count":106,"href":"https:\/\/kleinarchitekten.net\/index.php?rest_route=\/wp\/v2\/pages\/15031\/revisions"}],"predecessor-version":[{"id":15541,"href":"https:\/\/kleinarchitekten.net\/index.php?rest_route=\/wp\/v2\/pages\/15031\/revisions\/15541"}],"wp:attachment":[{"href":"https:\/\/kleinarchitekten.net\/index.php?rest_route=%2Fwp%2Fv2%2Fmedia&parent=15031"}],"curies":[{"name":"wp","href":"https:\/\/api.w.org\/{rel}","templated":true}]}}