{"id":15223,"date":"2018-02-09T11:41:55","date_gmt":"2018-02-09T11:41:55","guid":{"rendered":"http:\/\/kleinarchitekten.net\/?page_id=15223"},"modified":"2021-01-13T17:36:10","modified_gmt":"2021-01-13T17:36:10","slug":"waermeschutz","status":"publish","type":"page","link":"http:\/\/kleinarchitekten.net\/?page_id=15223","title":{"rendered":"W\u00e4rmeschutz"},"content":{"rendered":"<p>[vc_row margin_top=&#8220;40&#8243; margin_bottom=&#8220;40&#8243;][vc_column]<div id=\"ult-carousel-30873750369f2bdc60019d\" class=\"ult-carousel-wrapper   ult_horizontal\" data-gutter=\"5\" data-rtl=\"false\" ><div class=\"ult-carousel-138847792369f2bdc5f41b9 \" >[vc_single_image image=&#8220;15485&#8243; img_size=&#8220;full&#8220; alignment=&#8220;center&#8220;][vc_single_image image=&#8220;15488&#8243; img_size=&#8220;full&#8220; alignment=&#8220;center&#8220;][vc_single_image image=&#8220;15486&#8243; img_size=&#8220;full&#8220; alignment=&#8220;center&#8220;][vc_single_image image=&#8220;15489&#8243; img_size=&#8220;full&#8220; alignment=&#8220;center&#8220;][vc_single_image image=&#8220;15490&#8243; img_size=&#8220;full&#8220; alignment=&#8220;center&#8220;][vc_single_image image=&#8220;15487&#8243; img_size=&#8220;full&#8220; alignment=&#8220;center&#8220;]<\/div><\/div>            <script type=\"text\/javascript\">\r\n\t\t\t\tjQuery(document).ready(function($){\r\n               \t\t$('.ult-carousel-138847792369f2bdc5f41b9').slick({dots: true,autoplay: true,autoplaySpeed: 4000,speed: 2000,infinite: true,arrows: false,slidesToScroll:1,slidesToShow:1,swipe: true,draggable: true,touchMove: true,adaptiveHeight: true,responsive: [\r\n\t\t\t\t\t\t\t{\r\n\t\t\t\t\t\t\t  breakpoint: 1025,\r\n\t\t\t\t\t\t\t  settings: {\r\n\t\t\t\t\t\t\t\tslidesToShow: 1,\r\n\t\t\t\t\t\t\t\tslidesToScroll: 1,  \r\n\t\t\t\t\t\t\t  }\r\n\t\t\t\t\t\t\t},\r\n\t\t\t\t\t\t\t{\r\n\t\t\t\t\t\t\t  breakpoint: 769,\r\n\t\t\t\t\t\t\t  settings: {\r\n\t\t\t\t\t\t\t\tslidesToShow: 1,\r\n\t\t\t\t\t\t\t\tslidesToScroll: 1\r\n\t\t\t\t\t\t\t  }\r\n\t\t\t\t\t\t\t},\r\n\t\t\t\t\t\t\t{\r\n\t\t\t\t\t\t\t  breakpoint: 481,\r\n\t\t\t\t\t\t\t  settings: {\r\n\t\t\t\t\t\t\t\tslidesToShow: 1,\r\n\t\t\t\t\t\t\t\tslidesToScroll: 1\r\n\t\t\t\t\t\t\t  }\r\n\t\t\t\t\t\t\t}\r\n\t\t\t\t\t\t],pauseOnHover: true,\r\n\t\t\t\t\t\tpauseOnDotsHover: true,customPaging: function(slider, i) {\r\n                   return '<i type=\"button\" style=\"color:#333333;\" class=\"ultsl-stop\" data-role=\"none\"><\/i>';\r\n                },});\r\n\t\t\t\t});\r\n\t\t\t<\/script>\r\n            [\/vc_column][\/vc_row][vc_row][vc_column width=&#8220;1\/6&#8243;][\/vc_column][vc_column width=&#8220;2\/3&#8243;][vc_single_image image=&#8220;15556&#8243; img_size=&#8220;full&#8220; alignment=&#8220;center&#8220;][\/vc_column][vc_column width=&#8220;1\/6&#8243;][\/vc_column][\/vc_row][vc_row][vc_column width=&#8220;1\/6&#8243;][\/vc_column][vc_column width=&#8220;2\/3&#8243;][vc_column_text css=&#8220;.vc_custom_1519062793381{padding-right: 5px !important;padding-left: 5px !important;}&#8220;]Durch gestiegene Komfortanspr\u00fcche und versch\u00e4rften Anforderungen an die Energieeinsparung hat die Bedeutung der Bauphysik in den letzten Jahrzehnten stetig zugenommen. Bauphysikalische \u00dcberlegungen, wie die Anforderungen des sommerlichen und winterlichen W\u00e4rmeschutzes und z.B. das Reduzieren der L\u00fcftungsverluste m\u00fcssen heute fr\u00fchzeitig\u00a0 in die Geb\u00e4udeplanung einbezogen werden.<\/p>\n<p>Wir unterst\u00fctzen Sie in der Gew\u00e4hrleistung von Komfortstandards, schadensfreie Konstruktionen und Energieeinsparung aus \u00f6konomischen und \u00f6kologischen Erw\u00e4gungen, sowohl f\u00fcr ihrem Neubau als auch bei der Sanierung ihrer Bestandsimmobilie. Wir arbeiten privatrechtlich im Namen des Bauherren und erstellen \u00f6ffentlich-rechtliche W\u00e4rmeschutznachweise f\u00fcr Bauantr\u00e4ge von Wohn- und Nicht-Wohngeb\u00e4uden.<\/p>\n<p>Sie haben Fragen? <a href=\"http:\/\/kleinarchitekten.net\/?page_id=15088\">Sprechen Sie uns an<\/a>.[\/vc_column_text][\/vc_column][vc_column width=&#8220;1\/6&#8243;][\/vc_column][\/vc_row]<\/p>\n","protected":false},"excerpt":{"rendered":"<p>[vc_row margin_top=&#8220;40&#8243; margin_bottom=&#8220;40&#8243;][vc_column][\/vc_column][\/vc_row][vc_row][vc_column width=&#8220;1\/6&#8243;][\/vc_column][vc_column width=&#8220;2\/3&#8243;][vc_single_image image=&#8220;15556&#8243; img_size=&#8220;full&#8220; alignment=&#8220;center&#8220;][\/vc_column][vc_column width=&#8220;1\/6&#8243;][\/vc_column][\/vc_row][vc_row][vc_column width=&#8220;1\/6&#8243;][\/vc_column][vc_column width=&#8220;2\/3&#8243;][vc_column_text css=&#8220;.vc_custom_1519062793381{padding-right: 5px !important;padding-left: 5px !important;}&#8220;]Durch gestiegene Komfortanspr\u00fcche und versch\u00e4rften Anforderungen an die Energieeinsparung hat die Bedeutung der Bauphysik in den letzten Jahrzehnten stetig zugenommen. Bauphysikalische \u00dcberlegungen, wie die Anforderungen des sommerlichen und winterlichen W\u00e4rmeschutzes und z.B. das Reduzieren der L\u00fcftungsverluste m\u00fcssen heute fr\u00fchzeitig\u00a0 in&hellip;<\/p>\n","protected":false},"author":1,"featured_media":0,"parent":0,"menu_order":0,"comment_status":"closed","ping_status":"closed","template":"","meta":{"inline_featured_image":false},"_links":{"self":[{"href":"http:\/\/kleinarchitekten.net\/index.php?rest_route=\/wp\/v2\/pages\/15223"}],"collection":[{"href":"http:\/\/kleinarchitekten.net\/index.php?rest_route=\/wp\/v2\/pages"}],"about":[{"href":"http:\/\/kleinarchitekten.net\/index.php?rest_route=\/wp\/v2\/types\/page"}],"author":[{"embeddable":true,"href":"http:\/\/kleinarchitekten.net\/index.php?rest_route=\/wp\/v2\/users\/1"}],"replies":[{"embeddable":true,"href":"http:\/\/kleinarchitekten.net\/index.php?rest_route=%2Fwp%2Fv2%2Fcomments&post=15223"}],"version-history":[{"count":16,"href":"http:\/\/kleinarchitekten.net\/index.php?rest_route=\/wp\/v2\/pages\/15223\/revisions"}],"predecessor-version":[{"id":15562,"href":"http:\/\/kleinarchitekten.net\/index.php?rest_route=\/wp\/v2\/pages\/15223\/revisions\/15562"}],"wp:attachment":[{"href":"http:\/\/kleinarchitekten.net\/index.php?rest_route=%2Fwp%2Fv2%2Fmedia&parent=15223"}],"curies":[{"name":"wp","href":"https:\/\/api.w.org\/{rel}","templated":true}]}}