{"id":15219,"date":"2018-02-09T11:40:49","date_gmt":"2018-02-09T11:40:49","guid":{"rendered":"http:\/\/kleinarchitekten.net\/?page_id=15219"},"modified":"2021-01-13T17:41:07","modified_gmt":"2021-01-13T17:41:07","slug":"gutachten","status":"publish","type":"page","link":"http:\/\/kleinarchitekten.net\/?page_id=15219","title":{"rendered":"Gutachten"},"content":{"rendered":"<p>[vc_row margin_top=&#8220;40&#8243; margin_bottom=&#8220;40&#8243;][vc_column]<div id=\"ult-carousel-128393409769ddf5a8b2d6e\" class=\"ult-carousel-wrapper   ult_horizontal\" data-gutter=\"5\" data-rtl=\"false\" ><div class=\"ult-carousel-82015611269ddf5a8b2935 \" >[vc_single_image image=&#8220;15490&#8243; img_size=&#8220;full&#8220; alignment=&#8220;center&#8220;][vc_single_image image=&#8220;15487&#8243; img_size=&#8220;full&#8220; alignment=&#8220;center&#8220;][vc_single_image image=&#8220;15485&#8243; img_size=&#8220;full&#8220; alignment=&#8220;center&#8220;][vc_single_image image=&#8220;15488&#8243; img_size=&#8220;full&#8220; alignment=&#8220;center&#8220;][vc_single_image image=&#8220;15486&#8243; img_size=&#8220;full&#8220; alignment=&#8220;center&#8220;][vc_single_image image=&#8220;15489&#8243; img_size=&#8220;full&#8220; alignment=&#8220;center&#8220;]<\/div><\/div>            <script type=\"text\/javascript\">\r\n\t\t\t\tjQuery(document).ready(function($){\r\n               \t\t$('.ult-carousel-82015611269ddf5a8b2935').slick({dots: true,autoplay: true,autoplaySpeed: 4000,speed: 2000,infinite: true,arrows: false,slidesToScroll:1,slidesToShow:1,swipe: true,draggable: true,touchMove: true,adaptiveHeight: true,responsive: [\r\n\t\t\t\t\t\t\t{\r\n\t\t\t\t\t\t\t  breakpoint: 1025,\r\n\t\t\t\t\t\t\t  settings: {\r\n\t\t\t\t\t\t\t\tslidesToShow: 1,\r\n\t\t\t\t\t\t\t\tslidesToScroll: 1,  \r\n\t\t\t\t\t\t\t  }\r\n\t\t\t\t\t\t\t},\r\n\t\t\t\t\t\t\t{\r\n\t\t\t\t\t\t\t  breakpoint: 769,\r\n\t\t\t\t\t\t\t  settings: {\r\n\t\t\t\t\t\t\t\tslidesToShow: 1,\r\n\t\t\t\t\t\t\t\tslidesToScroll: 1\r\n\t\t\t\t\t\t\t  }\r\n\t\t\t\t\t\t\t},\r\n\t\t\t\t\t\t\t{\r\n\t\t\t\t\t\t\t  breakpoint: 481,\r\n\t\t\t\t\t\t\t  settings: {\r\n\t\t\t\t\t\t\t\tslidesToShow: 1,\r\n\t\t\t\t\t\t\t\tslidesToScroll: 1\r\n\t\t\t\t\t\t\t  }\r\n\t\t\t\t\t\t\t}\r\n\t\t\t\t\t\t],pauseOnHover: true,\r\n\t\t\t\t\t\tpauseOnDotsHover: true,customPaging: function(slider, i) {\r\n                   return '<i type=\"button\" style=\"color:#333333;\" class=\"ultsl-stop\" data-role=\"none\"><\/i>';\r\n                },});\r\n\t\t\t\t});\r\n\t\t\t<\/script>\r\n            [\/vc_column][\/vc_row][vc_row][vc_column width=&#8220;1\/6&#8243;][\/vc_column][vc_column width=&#8220;2\/3&#8243;][vc_single_image image=&#8220;15560&#8243; img_size=&#8220;full&#8220; alignment=&#8220;center&#8220;][\/vc_column][vc_column width=&#8220;1\/6&#8243;][\/vc_column][\/vc_row][vc_row][vc_column width=&#8220;1\/6&#8243;][\/vc_column][vc_column width=&#8220;2\/3&#8243;][vc_column_text css=&#8220;.vc_custom_1519063773593{padding-right: 5px !important;padding-left: 5px !important;}&#8220;]Wir beraten und unterst\u00fctzen Sie in allen Fragen rund um das Thema Bauen.<\/p>\n<p>Wir analysieren den Zustand Ihres Geb\u00e4udes und unterbreiten Ihnen Vorschl\u00e4ge zum Werterhalt und zur Wertsteigerung Ihrer Immobilie.<\/p>\n<p>Die Feststellung von Bausch\u00e4den oder M\u00e4ngeln und Vorgaben f\u00fcr eine fachgerechte Beseitigung sind eine wesentliche Aufgabenstellung unserer gutachtlichen T\u00e4tigkeiten. Genauso wie die Unterst\u00fctzung beim Immobilienkauf hinsichtlich der Bewertung sinnvoller und notwendiger Sanierungsma\u00dfnahmen, der finanziellen Mittel und der F\u00f6rderm\u00f6glichkeiten.<\/p>\n<p>Wir arbeiten unterst\u00fctzend bei Rechtsfragen mit einer erfahrenen <a href=\"http:\/\/www.hebler-anwaltskanzlei.de\" target=\"_blank\" rel=\"noopener\">Anwaltskanzlei<\/a>, mit Schwerpunkten der Rechtsgebiete Bau- und Immobilienrecht, zusammen.<\/p>\n<p>Interessiert? Nehmen Sie\u00a0<a href=\"http:\/\/kleinarchitekten.net\/?page_id=15088\">Kontakt<\/a>\u00a0zu uns auf.[\/vc_column_text][\/vc_column][vc_column width=&#8220;1\/6&#8243;][\/vc_column][\/vc_row]<\/p>\n","protected":false},"excerpt":{"rendered":"<p>[vc_row margin_top=&#8220;40&#8243; margin_bottom=&#8220;40&#8243;][vc_column][\/vc_column][\/vc_row][vc_row][vc_column width=&#8220;1\/6&#8243;][\/vc_column][vc_column width=&#8220;2\/3&#8243;][vc_single_image image=&#8220;15560&#8243; img_size=&#8220;full&#8220; alignment=&#8220;center&#8220;][\/vc_column][vc_column width=&#8220;1\/6&#8243;][\/vc_column][\/vc_row][vc_row][vc_column width=&#8220;1\/6&#8243;][\/vc_column][vc_column width=&#8220;2\/3&#8243;][vc_column_text css=&#8220;.vc_custom_1519063773593{padding-right: 5px !important;padding-left: 5px !important;}&#8220;]Wir beraten und unterst\u00fctzen Sie in allen Fragen rund um das Thema Bauen. Wir analysieren den Zustand Ihres Geb\u00e4udes und unterbreiten Ihnen Vorschl\u00e4ge zum Werterhalt und zur Wertsteigerung Ihrer Immobilie. Die Feststellung von Bausch\u00e4den oder M\u00e4ngeln und Vorgaben f\u00fcr eine&hellip;<\/p>\n","protected":false},"author":1,"featured_media":0,"parent":0,"menu_order":0,"comment_status":"closed","ping_status":"closed","template":"","meta":{"inline_featured_image":false},"_links":{"self":[{"href":"http:\/\/kleinarchitekten.net\/index.php?rest_route=\/wp\/v2\/pages\/15219"}],"collection":[{"href":"http:\/\/kleinarchitekten.net\/index.php?rest_route=\/wp\/v2\/pages"}],"about":[{"href":"http:\/\/kleinarchitekten.net\/index.php?rest_route=\/wp\/v2\/types\/page"}],"author":[{"embeddable":true,"href":"http:\/\/kleinarchitekten.net\/index.php?rest_route=\/wp\/v2\/users\/1"}],"replies":[{"embeddable":true,"href":"http:\/\/kleinarchitekten.net\/index.php?rest_route=%2Fwp%2Fv2%2Fcomments&post=15219"}],"version-history":[{"count":11,"href":"http:\/\/kleinarchitekten.net\/index.php?rest_route=\/wp\/v2\/pages\/15219\/revisions"}],"predecessor-version":[{"id":15565,"href":"http:\/\/kleinarchitekten.net\/index.php?rest_route=\/wp\/v2\/pages\/15219\/revisions\/15565"}],"wp:attachment":[{"href":"http:\/\/kleinarchitekten.net\/index.php?rest_route=%2Fwp%2Fv2%2Fmedia&parent=15219"}],"curies":[{"name":"wp","href":"https:\/\/api.w.org\/{rel}","templated":true}]}}