{"id":15217,"date":"2018-02-09T11:40:04","date_gmt":"2018-02-09T11:40:04","guid":{"rendered":"http:\/\/kleinarchitekten.net\/?page_id=15217"},"modified":"2021-01-14T15:18:28","modified_gmt":"2021-01-14T15:18:28","slug":"energieberatung","status":"publish","type":"page","link":"http:\/\/kleinarchitekten.net\/?page_id=15217","title":{"rendered":"Energieberatung"},"content":{"rendered":"<p>[vc_row margin_top=&#8220;40&#8243; margin_bottom=&#8220;40&#8243;][vc_column]<div id=\"ult-carousel-12524399426a044cd5db224\" class=\"ult-carousel-wrapper   ult_horizontal\" data-gutter=\"5\" data-rtl=\"false\" ><div class=\"ult-carousel-9714268316a044cd5daf71 \" >[vc_single_image image=&#8220;15489&#8243; img_size=&#8220;full&#8220; alignment=&#8220;center&#8220;][vc_single_image image=&#8220;15490&#8243; img_size=&#8220;full&#8220; alignment=&#8220;center&#8220;][vc_single_image image=&#8220;15487&#8243; img_size=&#8220;full&#8220; alignment=&#8220;center&#8220;][vc_single_image image=&#8220;15485&#8243; img_size=&#8220;full&#8220; alignment=&#8220;center&#8220;][vc_single_image image=&#8220;15488&#8243; img_size=&#8220;full&#8220; alignment=&#8220;center&#8220;][vc_single_image image=&#8220;15486&#8243; img_size=&#8220;full&#8220; alignment=&#8220;center&#8220;]<\/div><\/div>            <script type=\"text\/javascript\">\r\n\t\t\t\tjQuery(document).ready(function($){\r\n               \t\t$('.ult-carousel-9714268316a044cd5daf71').slick({dots: true,autoplay: true,autoplaySpeed: 4000,speed: 2000,infinite: true,arrows: false,slidesToScroll:1,slidesToShow:1,swipe: true,draggable: true,touchMove: true,adaptiveHeight: true,responsive: [\r\n\t\t\t\t\t\t\t{\r\n\t\t\t\t\t\t\t  breakpoint: 1025,\r\n\t\t\t\t\t\t\t  settings: {\r\n\t\t\t\t\t\t\t\tslidesToShow: 1,\r\n\t\t\t\t\t\t\t\tslidesToScroll: 1,  \r\n\t\t\t\t\t\t\t  }\r\n\t\t\t\t\t\t\t},\r\n\t\t\t\t\t\t\t{\r\n\t\t\t\t\t\t\t  breakpoint: 769,\r\n\t\t\t\t\t\t\t  settings: {\r\n\t\t\t\t\t\t\t\tslidesToShow: 1,\r\n\t\t\t\t\t\t\t\tslidesToScroll: 1\r\n\t\t\t\t\t\t\t  }\r\n\t\t\t\t\t\t\t},\r\n\t\t\t\t\t\t\t{\r\n\t\t\t\t\t\t\t  breakpoint: 481,\r\n\t\t\t\t\t\t\t  settings: {\r\n\t\t\t\t\t\t\t\tslidesToShow: 1,\r\n\t\t\t\t\t\t\t\tslidesToScroll: 1\r\n\t\t\t\t\t\t\t  }\r\n\t\t\t\t\t\t\t}\r\n\t\t\t\t\t\t],pauseOnHover: true,\r\n\t\t\t\t\t\tpauseOnDotsHover: true,customPaging: function(slider, i) {\r\n                   return '<i type=\"button\" style=\"color:#333333;\" class=\"ultsl-stop\" data-role=\"none\"><\/i>';\r\n                },});\r\n\t\t\t\t});\r\n\t\t\t<\/script>\r\n            [\/vc_column][\/vc_row][vc_row][vc_column width=&#8220;1\/6&#8243;][\/vc_column][vc_column width=&#8220;2\/3&#8243;][vc_single_image image=&#8220;15558&#8243; img_size=&#8220;full&#8220; alignment=&#8220;center&#8220;][\/vc_column][vc_column width=&#8220;1\/6&#8243;][\/vc_column][\/vc_row][vc_row][vc_column width=&#8220;1\/6&#8243;][\/vc_column][vc_column width=&#8220;2\/3&#8243;][vc_column_text css=&#8220;.vc_custom_1608636966459{padding-right: 5px !important;padding-left: 5px !important;}&#8220;]Energie ist ein kostbares Gut. Effizientes Energiemanagement gewinnt daher heute immer mehr an Bedeutung &#8211; aus Gr\u00fcnden \u00f6konomischer, wie auch \u00f6kologischer Vernunft. Wir unterst\u00fctzen sie bei der Erarbeitung von wirtschaftlichen Einsparma\u00dfnahmen und Energiekonzepten f\u00fcr ihren Neu- und Altbau. Das Ziel ist es, eine Verbesserung des Wohnkomforts und Wohnklimas zu erreichen, die Energiekosten zu senken und &#8222;last but not least&#8220; einen Beitrag zur Reduzierung des CO\u00b2-Aussto\u00dfes zu leisten.<\/p>\n<h4><strong>F\u00f6rdermittel<\/strong><\/h4>\n<p>Des Weiteren unterst\u00fctzen wir sie in der Auswahl der passenden F\u00f6rdermittel. Der Blick auf die F\u00f6rdermittellandschaft zeigt generell zwei wesentliche Akteure. Die BAFA (Bundesamt f\u00fcr Wirtschaft- und Ausfuhrkontrolle) und die KFW als staatliche Bank im Besitz des Bundes und der L\u00e4nder.<\/p>\n<h4><strong><a href=\"https:\/\/www.kfw.de\/inlandsfoerderung\/Privatpersonen\/Bestandsimmobilien\/\" target=\"_blank\" rel=\"noopener\"><img decoding=\"async\" loading=\"lazy\" class=\"alignleft wp-image-15413\" src=\"http:\/\/kleinarchitekten.net\/wp-content\/uploads\/2018\/02\/KFW_Fo\u0308rderbutton_rgb-300x262.jpg\" alt=\"\" width=\"85\" height=\"74\" srcset=\"http:\/\/kleinarchitekten.net\/wp-content\/uploads\/2018\/02\/KFW_Fo\u0308rderbutton_rgb-300x262.jpg 300w, http:\/\/kleinarchitekten.net\/wp-content\/uploads\/2018\/02\/KFW_Fo\u0308rderbutton_rgb.jpg 454w\" sizes=\"(max-width: 85px) 100vw, 85px\" \/><\/a><\/strong><\/h4>\n<h4><\/h4>\n<h4><\/h4>\n<h4><\/h4>\n<h4><strong>Leistungen<\/strong><\/h4>\n<p>Wir bieten ihnen folgende Leistungen rund um das Thema Energieberatung an:<\/p>\n<ul>\n<li>Gef\u00f6rderte energetische Fachplanung und Baubegleitung<\/li>\n<li>Erstellung eines W\u00e4rmeschutznachweises Ihres Geb\u00e4udes im Rahmen eines Genehmigungsverfahrens (Bauantrag)<\/li>\n<li>Das Aufstellen von Energiebedarfs- und Energieverbrauchsausweisen<\/li>\n<li>Gef\u00f6rderte Energieberatungen<\/li>\n<li>Energetische Initialberatung\/Kurzberatung im Objekt. Beim Rundgang durch das Geb\u00e4ude werden Tipps zu sinnvollen und wirtschaftlichen Energieeinsparma\u00dfnahmen gegeben<\/li>\n<\/ul>\n<p>F\u00fcr die Beantragung und Durchf\u00fchrung energetischer Sanierungsma\u00dfnahmen ist eine jeweilige Zulassung beim <a href=\"http:\/\/www.bafa.de\/DE\/Energie\/energie_node.html\">BAFA<\/a> bzw. der <a href=\"https:\/\/www.kfw.de\/inlandsfoerderung\/Privatpersonen\/Bestandsimmobilien\/\">KfW<\/a> \u00fcblicherweise erforderlich. Aufgrund der Qualifizierung zum <a href=\"https:\/\/www.energie-effizienz-experten.de\/\">Energieeffizienz-Experten f\u00fcr F\u00f6rderprogramme des Bundes<\/a> und Vor-Ort-Berater des BAFA k\u00f6nnen wir f\u00fcr sie die notwendigen Nachweise aufstellen und beantragen.[\/vc_column_text][\/vc_column][vc_column width=&#8220;1\/6&#8243;][\/vc_column][\/vc_row][vc_row margin_top=&#8220;0&#8243;][vc_column width=&#8220;1\/6&#8243;][\/vc_column][vc_column width=&#8220;2\/3&#8243;][vc_row_inner][vc_column_inner width=&#8220;1\/2&#8243;][vc_single_image image=&#8220;15421&#8243; img_size=&#8220;150&#215;36&#8243; alignment=&#8220;center&#8220; onclick=&#8220;custom_link&#8220; img_link_target=&#8220;_blank&#8220; image_hovers=&#8220;false&#8220; link=&#8220;https:\/\/www.energie-effizienz-experten.de&#8220;][\/vc_column_inner][vc_column_inner width=&#8220;1\/2&#8243;][vc_single_image image=&#8220;15427&#8243; img_size=&#8220;150&#215;50&#8243; alignment=&#8220;center&#8220; onclick=&#8220;custom_link&#8220; img_link_target=&#8220;_blank&#8220; image_hovers=&#8220;false&#8220; link=&#8220;https:\/\/www.kfw.de\/inlandsfoerderung\/Privatpersonen\/Neubau\/Das-KfW-Effizienzhaus\/&#8220;][\/vc_column_inner][\/vc_row_inner][\/vc_column][vc_column width=&#8220;1\/6&#8243;][\/vc_column][\/vc_row][vc_row margin_top=&#8220;0&#8243;][vc_column width=&#8220;1\/6&#8243;][\/vc_column][vc_column width=&#8220;2\/3&#8243;][\/vc_column][vc_column width=&#8220;1\/6&#8243;][\/vc_column][\/vc_row]<\/p>\n","protected":false},"excerpt":{"rendered":"<p>[vc_row margin_top=&#8220;40&#8243; margin_bottom=&#8220;40&#8243;][vc_column][\/vc_column][\/vc_row][vc_row][vc_column width=&#8220;1\/6&#8243;][\/vc_column][vc_column width=&#8220;2\/3&#8243;][vc_single_image image=&#8220;15558&#8243; img_size=&#8220;full&#8220; alignment=&#8220;center&#8220;][\/vc_column][vc_column width=&#8220;1\/6&#8243;][\/vc_column][\/vc_row][vc_row][vc_column width=&#8220;1\/6&#8243;][\/vc_column][vc_column width=&#8220;2\/3&#8243;][vc_column_text css=&#8220;.vc_custom_1608636966459{padding-right: 5px !important;padding-left: 5px !important;}&#8220;]Energie ist ein kostbares Gut. Effizientes Energiemanagement gewinnt daher heute immer mehr an Bedeutung &#8211; aus Gr\u00fcnden \u00f6konomischer, wie auch \u00f6kologischer Vernunft. Wir unterst\u00fctzen sie bei der Erarbeitung von wirtschaftlichen Einsparma\u00dfnahmen und Energiekonzepten f\u00fcr ihren Neu- und Altbau. Das Ziel&hellip;<\/p>\n","protected":false},"author":1,"featured_media":0,"parent":0,"menu_order":0,"comment_status":"closed","ping_status":"closed","template":"","meta":{"inline_featured_image":false},"_links":{"self":[{"href":"http:\/\/kleinarchitekten.net\/index.php?rest_route=\/wp\/v2\/pages\/15217"}],"collection":[{"href":"http:\/\/kleinarchitekten.net\/index.php?rest_route=\/wp\/v2\/pages"}],"about":[{"href":"http:\/\/kleinarchitekten.net\/index.php?rest_route=\/wp\/v2\/types\/page"}],"author":[{"embeddable":true,"href":"http:\/\/kleinarchitekten.net\/index.php?rest_route=\/wp\/v2\/users\/1"}],"replies":[{"embeddable":true,"href":"http:\/\/kleinarchitekten.net\/index.php?rest_route=%2Fwp%2Fv2%2Fcomments&post=15217"}],"version-history":[{"count":36,"href":"http:\/\/kleinarchitekten.net\/index.php?rest_route=\/wp\/v2\/pages\/15217\/revisions"}],"predecessor-version":[{"id":15570,"href":"http:\/\/kleinarchitekten.net\/index.php?rest_route=\/wp\/v2\/pages\/15217\/revisions\/15570"}],"wp:attachment":[{"href":"http:\/\/kleinarchitekten.net\/index.php?rest_route=%2Fwp%2Fv2%2Fmedia&parent=15217"}],"curies":[{"name":"wp","href":"https:\/\/api.w.org\/{rel}","templated":true}]}}